{"id":31,"date":"2019-02-19T10:10:23","date_gmt":"2019-02-19T09:10:23","guid":{"rendered":"https:\/\/masterinfodroit.lacl.fr\/?page_id=31"},"modified":"2021-04-23T20:25:51","modified_gmt":"2021-04-23T18:25:51","slug":"semestre-2","status":"publish","type":"page","link":"https:\/\/masterinfodroit.lacl.fr\/?page_id=31","title":{"rendered":"Semestre 2"},"content":{"rendered":"\n<ul class=\"wp-block-list\"><li>UE 1 Programmation (5 ETCS)<ul><li><a href=\"http:\/\/www.lacl.fr\/cegielski\/sec.html\">R\u00e9seau et normes<\/a>\u00a0: 15h CM 10h TP [Responsable :\u00a0<a href=\"http:\/\/www.lacl.fr\/cegielski\/\">Pr Patrick C\u00e9gielski<\/a>]<\/li><li>Programmation Web : 10h CM, 15h TP [Responsable : Pr Pierre Valarcher]<\/li><\/ul><\/li><li>UE 2 Algorithmique (5 ECTS)<ul><li><a href=\"http:\/\/lacl.univ-paris12.fr\/cegielski\/master\/FondementsInfo.html\">Fondements de l&rsquo;informatique<\/a>\u00a0: 25h CM [Responsable : Pr Florent Madelaine]<\/li><li><a href=\"http:\/\/lacl.univ-paris12.fr\/cegielski\/master\/AlgoII.html\">Algorithmique II<\/a>\u00a0: 25 h [Responsable : MCF Luc Pellissier]<\/li><\/ul><\/li><li>UE 3 <a href=\"http:\/\/lacl.univ-paris12.fr\/cegielski\/master\/SI.html\">Initiation aux syst\u00e8mes d&rsquo;information<\/a>\u00a0: 3 ECTS, 25 h [Responsable:\u00a0<a href=\"http:\/\/www.lacl.fr\/semmak\/\">Dr Farida Semmak<\/a>]<\/li><li>UE 4 Anglais  (pr\u00e9paration au\u00a0<a href=\"http:\/\/www.etsglobal.org\/Fr\/Fre\">TOEIC<\/a>) : 3 ECTS, 30 h TD [Responsable :\u00a0<a href=\"https:\/\/www.linkedin.com\/in\/joelle-harel-80174610\/\">Jo\u00eblle Harel<\/a>]<\/li><li>UE 5 <a href=\"http:\/\/lacl.univ-paris12.fr\/cegielski\/master\/DroitContrats.html\">Droit des contrats, en particulier li\u00e9s \u00e0 l&rsquo;informatique<\/a>\u00a0: 5 ECTS, 30 h CM, 20 h TD [Responsable :\u00a0<a href=\"https:\/\/www.linkedin.com\/in\/ma%C3%AFt%C3%A9-guillemain-7b1519a8\/\">MCF Ma\u00eft\u00e9 Guillemain<\/a>]<\/li><li>UE 6 <a href=\"http:\/\/lacl.univ-paris12.fr\/cegielski\/master\/DroitProprieteIntellectuelle.html\">Droit de la propri\u00e9t\u00e9 intellectuelle et industrielle<\/a>\u00a0: 5 ECTS, 30 h CM, 20 h TD [Responsable :\u00a0<a href=\"https:\/\/www.linkedin.com\/in\/cyril-dahan-82497913\/\">Me Cyril Dahan<\/a>]<\/li><li>UE 7 Num\u00e9rique et droit (4 ECTS)<ul><li>Questions d&rsquo;actualit\u00e9 en droit du num\u00e9rique : 10h [Responsable : Pr No\u00e9 Wagener]<\/li><li>Grands contentieux du num\u00e9rique : 10h [Responsable : Pr No\u00e9 Wagener]<\/li><li>Ateliers : 8h [Responsable : Pr Olivier Meier]<\/li><\/ul><\/li><\/ul>\n","protected":false},"excerpt":{"rendered":"<p>UE 1 Programmation (5 ETCS) R\u00e9seau et normes\u00a0: 15h CM 10h TP [Responsable :\u00a0Pr Patrick C\u00e9gielski] Programmation Web : 10h CM, 15h TP [Responsable : Pr Pierre Valarcher] UE 2 Algorithmique (5 ECTS) Fondements de l&rsquo;informatique\u00a0: 25h CM [Responsable : Pr Florent Madelaine] Algorithmique II\u00a0: 25 h [Responsable : MCF Luc Pellissier] UE 3 Initiation [&hellip;]<\/p>\n","protected":false},"author":1,"featured_media":0,"parent":0,"menu_order":0,"comment_status":"closed","ping_status":"closed","template":"","meta":{"footnotes":""},"class_list":["post-31","page","type-page","status-publish","hentry"],"_links":{"self":[{"href":"https:\/\/masterinfodroit.lacl.fr\/index.php?rest_route=\/wp\/v2\/pages\/31","targetHints":{"allow":["GET"]}}],"collection":[{"href":"https:\/\/masterinfodroit.lacl.fr\/index.php?rest_route=\/wp\/v2\/pages"}],"about":[{"href":"https:\/\/masterinfodroit.lacl.fr\/index.php?rest_route=\/wp\/v2\/types\/page"}],"author":[{"embeddable":true,"href":"https:\/\/masterinfodroit.lacl.fr\/index.php?rest_route=\/wp\/v2\/users\/1"}],"replies":[{"embeddable":true,"href":"https:\/\/masterinfodroit.lacl.fr\/index.php?rest_route=%2Fwp%2Fv2%2Fcomments&post=31"}],"version-history":[{"count":3,"href":"https:\/\/masterinfodroit.lacl.fr\/index.php?rest_route=\/wp\/v2\/pages\/31\/revisions"}],"predecessor-version":[{"id":244,"href":"https:\/\/masterinfodroit.lacl.fr\/index.php?rest_route=\/wp\/v2\/pages\/31\/revisions\/244"}],"wp:attachment":[{"href":"https:\/\/masterinfodroit.lacl.fr\/index.php?rest_route=%2Fwp%2Fv2%2Fmedia&parent=31"}],"curies":[{"name":"wp","href":"https:\/\/api.w.org\/{rel}","templated":true}]}}